{"id":578,"date":"2014-09-11T00:01:23","date_gmt":"2014-09-10T23:01:23","guid":{"rendered":"http:\/\/www.tie-pc.de\/wordpress\/?page_id=578"},"modified":"2026-01-12T00:23:06","modified_gmt":"2026-01-11T23:23:06","slug":"preise","status":"publish","type":"page","link":"https:\/\/www.tie-pc.de\/?page_id=578","title":{"rendered":"Preise \/ Kosten"},"content":{"rendered":"<div class=\"tab25\">\n<ul>\n<li>Mein Stundenlohn f\u00fcr <strong>Privatpersonen<\/strong> betr\u00e4gt brutto 53,55 \u20ac.<\/li>\n<li>Eine Anfahrt innerhalb von Frankfurt kostet 25,- \u20ac, au\u00dferhalb von Frankfurt 35,- \u20ac. Alle genannten Preise sind Endpreise <strong>inklusive gesetzlicher MwSt.<\/strong><\/li>\n<\/ul>\n<hr \/>\n<ul>\n<li>Mein Stundenlohn f\u00fcr <strong>Gesch\u00e4ftskunden<\/strong> betr\u00e4gt netto 62,00 \u20ac.<\/li>\n<li>Eine Anfahrt innerhalb von Frankfurt kostet 30,- \u20ac, au\u00dferhalb von Frankfurt nach Absprache. Alle genannten Preise sind <strong>Nettopreise zzgl. 19% MwSt.<\/strong><\/li>\n<\/ul>\n<hr \/>\n<ul>\n<li>Die optionale <strong>Fernwartung<\/strong> wird minutengenau abgerechnet.<\/li>\n<li>Der <strong>Aufbau<\/strong> der Verbindung in Absprache mit dem Kunden kostet <strong>pauschal brutto 30,00 \u20ac<\/strong><\/li>\n<li>Nach <span style=\"text-decoration: underline;\">15 Minuten<\/span> kostet<span style=\"text-decoration: underline;\"> jede weitere Minute brutto 1,80 \u20ac<\/span> inkl. MwSt.<\/li>\n<\/ul>\n<hr \/>\n<blockquote><p>Sollte es die Parkplatzsituation erfordern, z.B. in Frankfurt-Innenstadt, werden Parkhaus- oder Parkticketgeb\u00fchren zus\u00e4tzlich in Ansatz gebracht.<\/p><\/blockquote>\n<hr \/>\n<p>Die genannten Preise gelten bis auf Widerruf bzw. k\u00f6nnen durch mein schriftliches Angebot nach Abw\u00e4gung der Gegebenheiten abweichen.<\/p>\n<p>Stand Januar 2026.<\/p>\n<\/div>\n","protected":false},"excerpt":{"rendered":"<p>Mein Stundenlohn f\u00fcr Privatpersonen betr\u00e4gt brutto 53,55 \u20ac. Eine Anfahrt innerhalb von Frankfurt kostet 25,- \u20ac, au\u00dferhalb von Frankfurt 35,- \u20ac. Alle genannten Preise sind Endpreise inklusive gesetzlicher MwSt. Mein Stundenlohn f\u00fcr Gesch\u00e4ftskunden betr\u00e4gt netto 62,00 \u20ac. Eine Anfahrt innerhalb von Frankfurt kostet 30,- \u20ac, au\u00dferhalb von Frankfurt nach Absprache&#8230;.<\/p>\n","protected":false},"author":1,"featured_media":0,"parent":0,"menu_order":0,"comment_status":"closed","ping_status":"open","template":"","meta":{"footnotes":""},"class_list":["post-578","page","type-page","status-publish","hentry"],"_links":{"self":[{"href":"https:\/\/www.tie-pc.de\/index.php?rest_route=\/wp\/v2\/pages\/578","targetHints":{"allow":["GET"]}}],"collection":[{"href":"https:\/\/www.tie-pc.de\/index.php?rest_route=\/wp\/v2\/pages"}],"about":[{"href":"https:\/\/www.tie-pc.de\/index.php?rest_route=\/wp\/v2\/types\/page"}],"author":[{"embeddable":true,"href":"https:\/\/www.tie-pc.de\/index.php?rest_route=\/wp\/v2\/users\/1"}],"replies":[{"embeddable":true,"href":"https:\/\/www.tie-pc.de\/index.php?rest_route=%2Fwp%2Fv2%2Fcomments&post=578"}],"version-history":[{"count":24,"href":"https:\/\/www.tie-pc.de\/index.php?rest_route=\/wp\/v2\/pages\/578\/revisions"}],"predecessor-version":[{"id":663,"href":"https:\/\/www.tie-pc.de\/index.php?rest_route=\/wp\/v2\/pages\/578\/revisions\/663"}],"wp:attachment":[{"href":"https:\/\/www.tie-pc.de\/index.php?rest_route=%2Fwp%2Fv2%2Fmedia&parent=578"}],"curies":[{"name":"wp","href":"https:\/\/api.w.org\/{rel}","templated":true}]}}